{"id":133,"date":"2022-02-23T20:21:12","date_gmt":"2022-02-23T19:21:12","guid":{"rendered":"http:\/\/labudinstrukcije.hr\/?page_id=133"},"modified":"2024-12-03T23:06:08","modified_gmt":"2024-12-03T22:06:08","slug":"o-nama","status":"publish","type":"page","link":"https:\/\/labudinstrukcije.hr\/index.php\/o-nama\/","title":{"rendered":"O nama"},"content":{"rendered":"\n<figure class=\"wp-block-image size-large\"><img loading=\"lazy\" decoding=\"async\" width=\"1024\" height=\"577\" src=\"https:\/\/labudinstrukcije.hr\/wp-content\/uploads\/2022\/02\/Cover-Labud-Instrukcije-1024x577.png\" alt=\"\" class=\"wp-image-154\" srcset=\"https:\/\/labudinstrukcije.hr\/wp-content\/uploads\/2022\/02\/Cover-Labud-Instrukcije-1024x577.png 1024w, https:\/\/labudinstrukcije.hr\/wp-content\/uploads\/2022\/02\/Cover-Labud-Instrukcije-300x169.png 300w, https:\/\/labudinstrukcije.hr\/wp-content\/uploads\/2022\/02\/Cover-Labud-Instrukcije-768x433.png 768w, https:\/\/labudinstrukcije.hr\/wp-content\/uploads\/2022\/02\/Cover-Labud-Instrukcije-1536x865.png 1536w, https:\/\/labudinstrukcije.hr\/wp-content\/uploads\/2022\/02\/Cover-Labud-Instrukcije-1568x883.png 1568w, https:\/\/labudinstrukcije.hr\/wp-content\/uploads\/2022\/02\/Cover-Labud-Instrukcije.png 1640w\" sizes=\"(max-width: 1024px) 100vw, 1024px\" \/><\/figure>\n\n\n\n<p class=\"text-align-justify\"><strong>Naziv obrta<\/strong>: LABUD INSTRUKCIJE, obrt za intelektualne usluge, vl. Andrej Labudi\u0107, Drenje, Ma\u0111arski kraj 38<br><strong>Sjedi\u0161te<\/strong>: 31418 Drenje, Ma\u0111arski kraj 38<\/p>\n\n\n\n<p class=\"text-align-justify\"><strong>LABUD INSTRUKCIJE<\/strong> obrt je za intelektualne usluge koji se primarno bavi dr\u017eanjem online<strong> <\/strong>te\u010dajeva engleskog jezika, <strong>individualnim<\/strong> <strong>instrukcijama iz engleskog<\/strong> te <strong>prevo\u0111enjem s engleskog na hrvatski i obrnuto<\/strong>. Nakon inicijalnog uspjeha u radu u neformalnim volonterskim okolnostima, obrt je slu\u017ebeno otvoren u velja\u010di 2022. godine.<\/p>\n\n\n\n<p class=\"text-align-justify\">Moje ime je <strong>Andrej Labudi\u0107<\/strong>. 28-godi\u0161nji sam magistar edukacije engleskog jezika i knji\u017eevnosti i povijesti. Diplomirao sam na Filozofskom fakultetu u Osijeku, provev\u0161i jedan semestar diplomskog studija na razmjeni u \u0160panjolskoj, na Sveu\u010dili\u0161tu u C\u00f3rdobi. Bio sam istaknut student, demonstrator na nekoliko gramati\u010dkih kolegija te sam dobitnik Dekanove nagrade i pohvale Summa cum laude. Svoje teorijsko poznavanje engleskog jezika upotpunio sam upotrebom jezika u svakodnevnom \u017eivotu tijekom razmjene u \u0160panjolskoj te na brojnim putovanjima diljem Europe. Na navedenoj Erasmus razmjeni savladao sam i drugi strani jezik, \u0161panjolski.<\/p>\n\n\n\n<p class=\"text-align-justify\">S obzirom da sam poha\u0111ao matemati\u010dku Gimnaziju Antuna Gustava Mato\u0161a u \u0110akovu te proveo kratko vrijeme na FER-u u Zagrebu, dr\u017eim i instrukcije iz matematike te fizike. Svojevremeno sam kao zamjena predavao geografiju u osnovnoj \u0161koli, na temelju korelacije sa studijem povijesti te znanja ste\u010denih tijekom putovanja. Zahvaljuju\u0107i tome, dajem instrukcije iz geografije i povijesti. Uzimaju\u0107i u obzir povezanost engleskog i hrvatskog jezika te nu\u017enost poznavanja hrvatskog jezika za potrebe prevo\u0111enja, dr\u017eim instrukcije iz gramatike i pravopisa hrvatskog jezika te lektoriram razne vrste radova.<\/p>\n\n\n\n<p class=\"text-align-justify\">U Labud Instrukcijama vjerujemo u interdisciplinarnost, odnosno me\u0111usobno povezivanje gradiva iz svih predmeta, te na taj na\u010din razbijamo barijere \u2013 znanje je jedinstveno, a granice su umjetne. Garantiramo kvalitetu i sistemati\u010dnost, a rezultati i dojmovi polaznika i klijenata pri\u010daju sami za sebe.<\/p>\n\n\n\n<p>U sektoru prevo\u0111enja ostvarili smo<strong> suradnje s najve\u0107im svjetskim tvrtkama<\/strong>, kao \u0161to su Tesla, Huawei, Xiaomi, TikTok, Sony, Webex by Cisco, OPPO, SEAT, Mazda, Toyota, BYD itd. Ono \u0161to vidite na svojim pametnim satovima, mobitelima te zaslonima u automobilima, rezultat je na\u0161eg predanog rada.<\/p>\n\n\n\n<p><\/p>\n","protected":false},"excerpt":{"rendered":"<p>Naziv obrta: LABUD INSTRUKCIJE, obrt za intelektualne usluge, vl. Andrej Labudi\u0107, Drenje, Ma\u0111arski kraj 38Sjedi\u0161te: 31418 Drenje, Ma\u0111arski kraj 38 LABUD INSTRUKCIJE obrt je za intelektualne usluge koji se primarno bavi dr\u017eanjem online te\u010dajeva engleskog jezika, individualnim instrukcijama iz engleskog te prevo\u0111enjem s engleskog na hrvatski i obrnuto. Nakon inicijalnog uspjeha u radu u neformalnim<a class=\"more-link\" href=\"https:\/\/labudinstrukcije.hr\/index.php\/o-nama\/\">Continue reading <span class=\"screen-reader-text\">&#8220;O nama&#8221;<\/span><\/a><\/p>\n","protected":false},"author":1,"featured_media":0,"parent":0,"menu_order":0,"comment_status":"closed","ping_status":"closed","template":"","meta":{"om_disable_all_campaigns":false,"_monsterinsights_skip_tracking":false,"_monsterinsights_sitenote_active":false,"_monsterinsights_sitenote_note":"","_monsterinsights_sitenote_category":0,"cybocfi_hide_featured_image":"","footnotes":""},"aioseo_notices":[],"_links":{"self":[{"href":"https:\/\/labudinstrukcije.hr\/index.php\/wp-json\/wp\/v2\/pages\/133"}],"collection":[{"href":"https:\/\/labudinstrukcije.hr\/index.php\/wp-json\/wp\/v2\/pages"}],"about":[{"href":"https:\/\/labudinstrukcije.hr\/index.php\/wp-json\/wp\/v2\/types\/page"}],"author":[{"embeddable":true,"href":"https:\/\/labudinstrukcije.hr\/index.php\/wp-json\/wp\/v2\/users\/1"}],"replies":[{"embeddable":true,"href":"https:\/\/labudinstrukcije.hr\/index.php\/wp-json\/wp\/v2\/comments?post=133"}],"version-history":[{"count":25,"href":"https:\/\/labudinstrukcije.hr\/index.php\/wp-json\/wp\/v2\/pages\/133\/revisions"}],"predecessor-version":[{"id":668,"href":"https:\/\/labudinstrukcije.hr\/index.php\/wp-json\/wp\/v2\/pages\/133\/revisions\/668"}],"wp:attachment":[{"href":"https:\/\/labudinstrukcije.hr\/index.php\/wp-json\/wp\/v2\/media?parent=133"}],"curies":[{"name":"wp","href":"https:\/\/api.w.org\/{rel}","templated":true}]}}