{"id":22,"date":"2022-01-26T13:16:24","date_gmt":"2022-01-26T13:16:24","guid":{"rendered":"http:\/\/labudinstrukcije.hr\/?page_id=22"},"modified":"2024-03-19T12:23:55","modified_gmt":"2024-03-19T11:23:55","slug":"labud-instrukcije","status":"publish","type":"page","link":"https:\/\/labudinstrukcije.hr\/","title":{"rendered":"Naslovna"},"content":{"rendered":"\n<div class=\"wp-block-media-text alignfull has-media-on-the-right is-stacked-on-mobile has-background\" style=\"background-color:#102c34;grid-template-columns:auto 31%\"><div class=\"wp-block-media-text__content\">\n<div class=\"wp-block-jetpack-layout-grid alignfull column1-desktop-grid__span-9 column1-desktop-grid__start-2 column1-desktop-grid__row-1 column1-tablet-grid__span-8 column1-tablet-grid__row-1 column1-mobile-grid__span-4 column1-mobile-grid__row-1\">\n<div class=\"wp-block-jetpack-layout-grid-column wp-block-jetpack-layout-grid__padding-none\">\n<h1 class=\"wp-block-heading has-background-color has-text-color\" id=\"labud-instrukcije\" style=\"font-size:46px\">LABUD INSTRUKCIJE<\/h1>\n\n\n\n<p class=\"has-background-color has-text-color\" style=\"font-size:21px\">Online instrukcije \u2013 neovisno gdje, neovisno kada.<\/p>\n\n\n\n<div class=\"wp-block-buttons is-layout-flex wp-block-buttons-is-layout-flex\">\n<div class=\"wp-block-button is-style-fill\"><a class=\"wp-block-button__link has-background-color has-text-color wp-element-button\" href=\"https:\/\/labudinstrukcije.hr\/index.php\/kontakt\/\">Kontaktirajte nas<\/a><\/div>\n<\/div>\n<\/div>\n<\/div>\n<\/div><figure class=\"wp-block-media-text__media\"><img loading=\"lazy\" decoding=\"async\" width=\"500\" height=\"500\" src=\"https:\/\/labudinstrukcije.hr\/wp-content\/uploads\/2022\/01\/Logo-final-version-1-odabrana.png\" alt=\"\" class=\"wp-image-82 size-full\" srcset=\"https:\/\/labudinstrukcije.hr\/wp-content\/uploads\/2022\/01\/Logo-final-version-1-odabrana.png 500w, https:\/\/labudinstrukcije.hr\/wp-content\/uploads\/2022\/01\/Logo-final-version-1-odabrana-300x300.png 300w, https:\/\/labudinstrukcije.hr\/wp-content\/uploads\/2022\/01\/Logo-final-version-1-odabrana-150x150.png 150w\" sizes=\"(max-width: 500px) 100vw, 500px\" \/><\/figure><\/div>\n\n\n\n<div class=\"wp-block-group alignfull has-background-background-color has-background is-layout-flow wp-block-group-is-layout-flow\"><div class=\"wp-block-group__inner-container\">\n<div style=\"height:100px\" aria-hidden=\"true\" class=\"wp-block-spacer\"><\/div>\n\n\n\n<p class=\"has-text-align-center margin-bottom-half has-small-font-size\"><strong>Usluge<\/strong><\/p>\n\n\n\n<h2 class=\"wp-block-heading has-text-align-center margin-top-half\" id=\"cime-se-bavimo\">\u010cime se bavimo?<\/h2>\n\n\n\n<hr class=\"wp-block-separator has-css-opacity\"\/>\n\n\n\n<div class=\"wp-block-columns alignwide is-layout-flex wp-container-core-columns-layout-1 wp-block-columns-is-layout-flex\">\n<div class=\"wp-block-column is-vertically-aligned-top is-layout-flow wp-block-column-is-layout-flow\"><div class=\"wp-block-image\">\n<figure class=\"aligncenter size-full\"><img loading=\"lazy\" decoding=\"async\" width=\"753\" height=\"435\" src=\"https:\/\/labudinstrukcije.hr\/wp-content\/uploads\/2022\/02\/Passive-example.png\" alt=\"passive\" class=\"wp-image-100\" srcset=\"https:\/\/labudinstrukcije.hr\/wp-content\/uploads\/2022\/02\/Passive-example.png 753w, https:\/\/labudinstrukcije.hr\/wp-content\/uploads\/2022\/02\/Passive-example-300x173.png 300w\" sizes=\"(max-width: 753px) 100vw, 753px\" \/><\/figure><\/div>\n\n\n<p class=\"has-text-align-center\">Te\u010dajevi engleskog jezika uz upotrebu suvremene tehnologije i individualnog pristupa \u2013 rad na odgovaraju\u0107oj razini (A1 \u2013 C2).<\/p>\n<\/div>\n\n\n\n<div class=\"wp-block-column is-layout-flow wp-block-column-is-layout-flow\"><div class=\"wp-block-image is-resized\">\n<figure class=\"aligncenter size-full\"><img loading=\"lazy\" decoding=\"async\" width=\"630\" height=\"289\" src=\"https:\/\/labudinstrukcije.hr\/wp-content\/uploads\/2022\/02\/Razlomci-mnozenje.png\" alt=\"razlomci\" class=\"wp-image-103\" srcset=\"https:\/\/labudinstrukcije.hr\/wp-content\/uploads\/2022\/02\/Razlomci-mnozenje.png 630w, https:\/\/labudinstrukcije.hr\/wp-content\/uploads\/2022\/02\/Razlomci-mnozenje-300x138.png 300w\" sizes=\"(max-width: 630px) 100vw, 630px\" \/><\/figure><\/div>\n\n\n<div style=\"height:5px\" aria-hidden=\"true\" class=\"wp-block-spacer\"><\/div>\n\n\n\n<p class=\"has-text-align-center\">Individualne instrukcije iz matematike (uklju\u010duju\u0107i pripreme za maturu), fizike, povijesti i geografije. <\/p>\n<\/div>\n\n\n\n<div class=\"wp-block-column is-layout-flow wp-block-column-is-layout-flow\"><div class=\"wp-block-image is-resized is-style-default\">\n<figure class=\"aligncenter size-full\"><img loading=\"lazy\" decoding=\"async\" width=\"1024\" height=\"681\" src=\"https:\/\/labudinstrukcije.hr\/wp-content\/uploads\/2022\/04\/English-Croatian-translation.png\" alt=\"\" class=\"wp-image-169\" style=\"width:267px;height:auto\"\/><\/figure><\/div>\n\n\n<p class=\"has-text-align-center\">Prevo\u0111enje tesktova s hrvatskog na engleski jezik i obrnuto.<br>Lektoriranje tekstova na hrvatskom i engleskom.<\/p>\n<\/div>\n<\/div>\n<\/div><\/div>\n\n\n\n<div class=\"wp-block-cover alignfull\"><span aria-hidden=\"true\" class=\"wp-block-cover__background has-background-dim-30 has-background-dim\"><\/span><img loading=\"lazy\" decoding=\"async\" width=\"1920\" height=\"1080\" class=\"wp-block-cover__image-background wp-image-176\" alt=\"\" src=\"https:\/\/labudinstrukcije.hr\/wp-content\/uploads\/2022\/04\/library.jpg\" data-object-fit=\"cover\"\/><div class=\"wp-block-cover__inner-container is-layout-flow wp-block-cover-is-layout-flow\">\n<div class=\"wp-block-columns alignwide is-layout-flex wp-container-core-columns-layout-2 wp-block-columns-is-layout-flex\">\n<div class=\"wp-block-column is-vertically-aligned-top is-layout-flow wp-block-column-is-layout-flow\">\n<h2 class=\"wp-block-heading has-text-align-center margin-bottom-none has-background-color has-text-color\" id=\"1-1\" style=\"font-size:50px\"><strong>1<\/strong><\/h2>\n\n\n\n<p class=\"has-text-align-center margin-top-none has-background-color has-text-color\" style=\"font-size:25px\">profesor<\/p>\n<\/div>\n\n\n\n<div class=\"wp-block-column is-layout-flow wp-block-column-is-layout-flow\">\n<h2 class=\"wp-block-heading has-text-align-center margin-bottom-none has-background-color has-text-color\" id=\"5\" style=\"font-size:50px\"><strong>5<\/strong><\/h2>\n\n\n\n<p class=\"has-text-align-center margin-top-none has-background-color has-text-color\" style=\"font-size:25px\">\u0161kolskih predmeta<\/p>\n<\/div>\n\n\n\n<div class=\"wp-block-column is-layout-flow wp-block-column-is-layout-flow\">\n<h2 class=\"wp-block-heading has-text-align-center margin-bottom-none has-background-color has-text-color\" id=\"2\" style=\"font-size:50px\"><strong>2<\/strong><\/h2>\n\n\n\n<p class=\"has-text-align-center margin-top-none has-background-color has-text-color\" style=\"font-size:25px\">jezika instrukcija<\/p>\n<\/div>\n\n\n\n<div class=\"wp-block-column is-layout-flow wp-block-column-is-layout-flow\">\n<h2 class=\"wp-block-heading has-text-align-center margin-bottom-none has-background-color has-text-color\" id=\"22\" style=\"font-size:50px\">53<\/h2>\n\n\n\n<p class=\"has-text-align-center margin-top-none has-background-color has-text-color\" style=\"font-size:25px\">polaznika\/klijenta<\/p>\n<\/div>\n<\/div>\n\n\n\n<h2 class=\"wp-block-heading has-text-align-center margin-top-half has-background-color has-text-color\" style=\"font-size:40px\"><\/h2>\n\n\n\n<p><\/p>\n\n\n\n<div style=\"height:100px\" aria-hidden=\"true\" class=\"wp-block-spacer\"><\/div>\n\n\n\n<div style=\"height:100px\" aria-hidden=\"true\" class=\"wp-block-spacer\"><\/div>\n\n\n\n<hr class=\"wp-block-separator has-css-opacity\"\/>\n<\/div><\/div>\n\n\n\n<div class=\"wp-block-group alignfull is-layout-flow wp-block-group-is-layout-flow\"><div class=\"wp-block-group__inner-container\">\n<div style=\"height:100px\" aria-hidden=\"true\" class=\"wp-block-spacer\"><\/div>\n\n\n\n<div class=\"wp-block-media-text alignwide is-stacked-on-mobile is-image-fill\"><figure class=\"wp-block-media-text__media\" style=\"background-image:url(https:\/\/labudinstrukcije.hr\/wp-content\/uploads\/2022\/04\/GraphicsTabletsVsDrawingTablets28PenDisplays29-1.jpg);background-position:0% 74%\"><img loading=\"lazy\" decoding=\"async\" width=\"1350\" height=\"900\" src=\"https:\/\/labudinstrukcije.hr\/wp-content\/uploads\/2022\/04\/GraphicsTabletsVsDrawingTablets28PenDisplays29-1.jpg\" alt=\"\" class=\"wp-image-175 size-full\"\/><\/figure><div class=\"wp-block-media-text__content\">\n<div style=\"height:100px\" aria-hidden=\"true\" class=\"wp-block-spacer\"><\/div>\n\n\n\n<h3 class=\"wp-block-heading\" id=\"po-cemu-smo-drugaciji\" style=\"font-size:36px\">Po \u010demu smo druga\u010diji?<\/h3>\n\n\n\n<p class=\"has-text-align-justify text-align-justify\">U radu upotrebljavamo modernu tehnologiju koja pru\u017ea nove pedago\u0161ke mogu\u0107nosti. Radi\u0161 od ku\u0107e te ne gubi\u0161 vrijeme na odlazak na instrukcije i povratak s istih, a istovremeno gleda\u0161 kako profesor pi\u0161e po plo\u010di \u2013 kao da si prisutan u\u017eivo. Nadalje, za vi\u0161e predmeta ima\u0161 jednog te istog profesora \u2013 ne gubi\u0161 bezveze vrijeme na prilagodbu, a sadr\u017eaje povezuje\u0161 i lak\u0161e pamti\u0161.<\/p>\n\n\n\n<ul>\n<li><strong>Rad s grafi\u010dkom plo\u010dom<\/strong><\/li>\n\n\n\n<li><strong>Suvremene metode pou\u010davanja<\/strong><\/li>\n\n\n\n<li><strong>Upotreba najkvalitetnijih ud\u017ebenika i radnih bilje\u017enica<\/strong><\/li>\n\n\n\n<li><strong>Vi\u0161e vremena za tebe<\/strong><\/li>\n\n\n\n<li><strong>Predavanja na engleskom i hrvatskom<\/strong><\/li>\n\n\n\n<li><strong>Jedan profesor za vi\u0161e predmeta<\/strong><\/li>\n<\/ul>\n\n\n\n<div style=\"height:100px\" aria-hidden=\"true\" class=\"wp-block-spacer\"><\/div>\n<\/div><\/div>\n\n\n\n<div style=\"height:100px\" aria-hidden=\"true\" class=\"wp-block-spacer\"><\/div>\n\n\n\n<h2 class=\"wp-block-heading has-text-align-center\" id=\"dojmovi-polaznika\"><a href=\"https:\/\/labudinstrukcije.hr\/index.php\/dojmovi-polaznika\/\">Dojmovi polaznika<\/a><\/h2>\n\n\n\n<div class=\"wp-block-columns alignwide margin-top-none is-layout-flex wp-container-core-columns-layout-3 wp-block-columns-is-layout-flex\">\n<div class=\"wp-block-column is-layout-flow wp-block-column-is-layout-flow\">\n<p class=\"has-text-align-center margin-top-half\"><strong>\u201eNisam imao tremu!\u201d<\/strong>  <\/p>\n\n\n\n<p class=\"has-text-align-center margin-bottom-none has-small-font-size\"><br>\u201eSad sam imao sastanak na engleskom, mogu ti re\u0107i da su mi puno pomogle instrukcije s tobom. Nisam imao \u010dak ni tremu, pri\u010dao sam lagodno haha<br>Tak da, hvala!\u201d<\/p>\n\n\n\n<p class=\"has-text-align-center margin-top-none has-small-font-size\"><strong>Anonimno<\/strong><\/p>\n<\/div>\n\n\n\n<div class=\"wp-block-column is-layout-flow wp-block-column-is-layout-flow\">\n<p class=\"has-text-align-center margin-top-half\"><strong>\u201eNevjerojatna stvar se dogodila!\u201d<\/strong><\/p>\n\n\n\n<p class=\"has-text-align-center margin-bottom-none has-small-font-size\">\u201eImam jednu odli\u010dnu vijest i dokaz da se na\u0161 rad isplatio \ud83d\ude01 Ju\u010der smo pisali slu\u0161anje s mature iz engleskog i nevjerovatna stvar se dogodila \ud83d\ude2e Lorena je dobila 4 iz slu\u0161anja, 16\/20\ud83d\ude01\u201d<\/p>\n\n\n\n<p class=\"has-text-align-center margin-top-none has-small-font-size\"><strong>Lorena<\/strong><\/p>\n<\/div>\n\n\n\n<div class=\"wp-block-column is-layout-flow wp-block-column-is-layout-flow\">\n<p class=\"has-text-align-center margin-top-half\"><strong>\u201eMi smo \u010duda napravili!\u201d<\/strong><\/p>\n\n\n\n<div style=\"height:1px\" aria-hidden=\"true\" class=\"wp-block-spacer\"><\/div>\n\n\n\n<p class=\"has-text-align-center margin-bottom-none has-small-font-size\">\u201eU dva tjedna, mi smo \u010duda napravili. Ja koja sam mrzila matematiku i stvarno sam mislila da je to glupost i da mi to nikada ne\u0107e trebati &#8211; ja sam ju zavoljela i \u017eelim nastaviti raditi.\u201d<\/p>\n\n\n\n<p class=\"has-text-align-center margin-top-none has-small-font-size\"><strong>Karmen<\/strong><\/p>\n<\/div>\n<\/div>\n\n\n\n<div style=\"height:100px\" aria-hidden=\"true\" class=\"wp-block-spacer\"><\/div>\n<\/div><\/div>\n\n\n\n<div class=\"wp-block-group alignfull has-primary-background-color has-background is-layout-flow wp-block-group-is-layout-flow\"><div class=\"wp-block-group__inner-container\">\n<h3 class=\"wp-block-heading alignwide has-text-align-center margin-top-half has-background-color has-text-color\" id=\"blog\">Blog<\/h3>\n\n\n<ul class=\"wp-block-latest-posts__list is-grid columns-4 alignfull wp-block-latest-posts\"><li><div class=\"wp-block-latest-posts__featured-image alignleft\"><img loading=\"lazy\" decoding=\"async\" width=\"300\" height=\"300\" src=\"https:\/\/labudinstrukcije.hr\/wp-content\/uploads\/2022\/01\/VT-Test-300x300.png\" class=\"attachment-medium size-medium wp-post-image\" alt=\"special-days\" style=\"\" srcset=\"https:\/\/labudinstrukcije.hr\/wp-content\/uploads\/2022\/01\/VT-Test-300x300.png 300w, https:\/\/labudinstrukcije.hr\/wp-content\/uploads\/2022\/01\/VT-Test-1024x1024.png 1024w, https:\/\/labudinstrukcije.hr\/wp-content\/uploads\/2022\/01\/VT-Test-150x150.png 150w, https:\/\/labudinstrukcije.hr\/wp-content\/uploads\/2022\/01\/VT-Test-768x768.png 768w, https:\/\/labudinstrukcije.hr\/wp-content\/uploads\/2022\/01\/VT-Test.png 1080w\" sizes=\"(max-width: 300px) 100vw, 300px\" \/><\/div><a class=\"wp-block-latest-posts__post-title\" href=\"https:\/\/labudinstrukcije.hr\/index.php\/2022\/01\/30\/vocabulary-tips\/\">Language Tips<\/a><div class=\"wp-block-latest-posts__post-excerpt\">Notice how in English we capitalize each word, which is not the case in Croatian.<a class=\"more-link\" href=\"https:\/\/labudinstrukcije.hr\/index.php\/2022\/01\/30\/vocabulary-tips\/\">Continue reading <span class=\"screen-reader-text\">&#8220;Language Tips&#8221;<\/span><\/a><\/div><\/li>\n<li><div class=\"wp-block-latest-posts__featured-image alignleft\"><img loading=\"lazy\" decoding=\"async\" width=\"300\" height=\"300\" src=\"https:\/\/labudinstrukcije.hr\/wp-content\/uploads\/2022\/01\/Pun-Intended-05-01-2022-300x300.png\" class=\"attachment-medium size-medium wp-post-image\" alt=\"smoking-hot-body\" style=\"\" srcset=\"https:\/\/labudinstrukcije.hr\/wp-content\/uploads\/2022\/01\/Pun-Intended-05-01-2022-300x300.png 300w, https:\/\/labudinstrukcije.hr\/wp-content\/uploads\/2022\/01\/Pun-Intended-05-01-2022-1024x1024.png 1024w, https:\/\/labudinstrukcije.hr\/wp-content\/uploads\/2022\/01\/Pun-Intended-05-01-2022-150x150.png 150w, https:\/\/labudinstrukcije.hr\/wp-content\/uploads\/2022\/01\/Pun-Intended-05-01-2022-768x768.png 768w, https:\/\/labudinstrukcije.hr\/wp-content\/uploads\/2022\/01\/Pun-Intended-05-01-2022.png 1080w\" sizes=\"(max-width: 300px) 100vw, 300px\" \/><\/div><a class=\"wp-block-latest-posts__post-title\" href=\"https:\/\/labudinstrukcije.hr\/index.php\/2022\/01\/30\/pun-intended\/\">Pun Intended<\/a><div class=\"wp-block-latest-posts__post-excerpt\">Push-ups didn&#8217;t do the job. \ud83d\ude05<\/div><\/li>\n<li><div class=\"wp-block-latest-posts__featured-image alignleft\"><img loading=\"lazy\" decoding=\"async\" width=\"300\" height=\"300\" src=\"https:\/\/labudinstrukcije.hr\/wp-content\/uploads\/2022\/01\/vanguard-1-300x300.png\" class=\"attachment-medium size-medium wp-post-image\" alt=\"vanguard-1\" style=\"\" srcset=\"https:\/\/labudinstrukcije.hr\/wp-content\/uploads\/2022\/01\/vanguard-1-300x300.png 300w, https:\/\/labudinstrukcije.hr\/wp-content\/uploads\/2022\/01\/vanguard-1-1024x1024.png 1024w, https:\/\/labudinstrukcije.hr\/wp-content\/uploads\/2022\/01\/vanguard-1-150x150.png 150w, https:\/\/labudinstrukcije.hr\/wp-content\/uploads\/2022\/01\/vanguard-1-768x768.png 768w, https:\/\/labudinstrukcije.hr\/wp-content\/uploads\/2022\/01\/vanguard-1.png 1080w\" sizes=\"(max-width: 300px) 100vw, 300px\" \/><\/div><a class=\"wp-block-latest-posts__post-title\" href=\"https:\/\/labudinstrukcije.hr\/index.php\/2022\/01\/30\/word-of-the-week\/\">Word of the Week<\/a><div class=\"wp-block-latest-posts__post-excerpt\">&#8220;We were singing, bye-bye, Miss American Pie, Drove my Chevy to the levee, but the<a class=\"more-link\" href=\"https:\/\/labudinstrukcije.hr\/index.php\/2022\/01\/30\/word-of-the-week\/\">Continue reading <span class=\"screen-reader-text\">&#8220;Word of the Week&#8221;<\/span><\/a><\/div><\/li>\n<li><div class=\"wp-block-latest-posts__featured-image alignleft\"><img loading=\"lazy\" decoding=\"async\" width=\"300\" height=\"300\" src=\"https:\/\/labudinstrukcije.hr\/wp-content\/uploads\/2022\/01\/Or-Or-02-01-2021-300x300.png\" class=\"attachment-medium size-medium wp-post-image\" alt=\"\" style=\"\" srcset=\"https:\/\/labudinstrukcije.hr\/wp-content\/uploads\/2022\/01\/Or-Or-02-01-2021-300x300.png 300w, https:\/\/labudinstrukcije.hr\/wp-content\/uploads\/2022\/01\/Or-Or-02-01-2021-1024x1024.png 1024w, https:\/\/labudinstrukcije.hr\/wp-content\/uploads\/2022\/01\/Or-Or-02-01-2021-150x150.png 150w, https:\/\/labudinstrukcije.hr\/wp-content\/uploads\/2022\/01\/Or-Or-02-01-2021-768x768.png 768w, https:\/\/labudinstrukcije.hr\/wp-content\/uploads\/2022\/01\/Or-Or-02-01-2021.png 1080w\" sizes=\"(max-width: 300px) 100vw, 300px\" \/><\/div><a class=\"wp-block-latest-posts__post-title\" href=\"https:\/\/labudinstrukcije.hr\/index.php\/2022\/01\/30\/original-origins\/\">Original Origins<\/a><div class=\"wp-block-latest-posts__post-excerpt\">Some interesting etymologies you may not have been aware of. \ud83d\ude04<\/div><\/li>\n<\/ul><\/div><\/div>\n","protected":false},"excerpt":{"rendered":"<p>Usluge \u010cime se bavimo? Te\u010dajevi engleskog jezika uz upotrebu suvremene tehnologije i individualnog pristupa \u2013 rad na odgovaraju\u0107oj razini (A1 \u2013 C2). Individualne instrukcije iz matematike (uklju\u010duju\u0107i pripreme za maturu), fizike, povijesti i geografije. Prevo\u0111enje tesktova s hrvatskog na engleski jezik i obrnuto.Lektoriranje tekstova na hrvatskom i engleskom. Po \u010demu smo druga\u010diji? U radu upotrebljavamo<a class=\"more-link\" href=\"https:\/\/labudinstrukcije.hr\/\">Continue reading <span class=\"screen-reader-text\">&#8220;Naslovna&#8221;<\/span><\/a><\/p>\n","protected":false},"author":1,"featured_media":0,"parent":0,"menu_order":0,"comment_status":"closed","ping_status":"closed","template":"","meta":{"om_disable_all_campaigns":false,"_monsterinsights_skip_tracking":false,"_monsterinsights_sitenote_active":false,"_monsterinsights_sitenote_note":"","_monsterinsights_sitenote_category":0,"cybocfi_hide_featured_image":"","footnotes":""},"aioseo_notices":[],"_links":{"self":[{"href":"https:\/\/labudinstrukcije.hr\/index.php\/wp-json\/wp\/v2\/pages\/22"}],"collection":[{"href":"https:\/\/labudinstrukcije.hr\/index.php\/wp-json\/wp\/v2\/pages"}],"about":[{"href":"https:\/\/labudinstrukcije.hr\/index.php\/wp-json\/wp\/v2\/types\/page"}],"author":[{"embeddable":true,"href":"https:\/\/labudinstrukcije.hr\/index.php\/wp-json\/wp\/v2\/users\/1"}],"replies":[{"embeddable":true,"href":"https:\/\/labudinstrukcije.hr\/index.php\/wp-json\/wp\/v2\/comments?post=22"}],"version-history":[{"count":88,"href":"https:\/\/labudinstrukcije.hr\/index.php\/wp-json\/wp\/v2\/pages\/22\/revisions"}],"predecessor-version":[{"id":663,"href":"https:\/\/labudinstrukcije.hr\/index.php\/wp-json\/wp\/v2\/pages\/22\/revisions\/663"}],"wp:attachment":[{"href":"https:\/\/labudinstrukcije.hr\/index.php\/wp-json\/wp\/v2\/media?parent=22"}],"curies":[{"name":"wp","href":"https:\/\/api.w.org\/{rel}","templated":true}]}}