{"id":391,"date":"2022-07-09T14:09:01","date_gmt":"2022-07-09T12:09:01","guid":{"rendered":"http:\/\/labudinstrukcije.hr\/?page_id=391"},"modified":"2022-09-30T13:24:06","modified_gmt":"2022-09-30T11:24:06","slug":"primjeri","status":"publish","type":"page","link":"https:\/\/labudinstrukcije.hr\/index.php\/primjeri\/","title":{"rendered":"Primjeri"},"content":{"rendered":"\n<h2 class=\"has-huge-font-size wp-block-heading\">Engleski jezik<\/h2>\n\n\n\n<p class=\"text-align-justify\">Isje\u010dak s te\u010daja engleskog jezika s u\u010denikom 7. razreda osnovne \u0161kole.<\/p>\n\n\n\n<figure class=\"wp-block-video\"><video controls poster=\"https:\/\/labudinstrukcije.hr\/wp-content\/uploads\/2022\/07\/Mihale-video-thumbnail.png\" src=\"https:\/\/labudinstrukcije.hr\/wp-content\/uploads\/2022\/07\/Mihael-Past-Simple-edited.mp4\"><\/video><\/figure>\n\n\n\n<h2 class=\"has-huge-font-size wp-block-heading\">Matematika<\/h2>\n\n\n\n<p class=\"text-align-justify\">Videozapis u kojem je prikazan postupak rje\u0161avanja zadataka s osnovne razine dr\u017eavne mature.<\/p>\n\n\n\n<figure class=\"wp-block-embed is-type-video is-provider-youtube wp-block-embed-youtube wp-embed-aspect-16-9 wp-has-aspect-ratio\"><div class=\"wp-block-embed__wrapper\">\n<iframe loading=\"lazy\" title=\"Matematika B - Ljeto 2022.\" width=\"750\" height=\"422\" src=\"https:\/\/www.youtube.com\/embed\/Fk-cHif_UFw?start=3015&#038;feature=oembed\" frameborder=\"0\" allow=\"accelerometer; autoplay; clipboard-write; encrypted-media; gyroscope; picture-in-picture; web-share\" allowfullscreen><\/iframe>\n<\/div><\/figure>\n\n\n\n<p id=\"text-align-justify\">Primjeri sa sata:<\/p>\n\n\n\n<figure class=\"wp-block-image size-full is-resized\"><img loading=\"lazy\" decoding=\"async\" src=\"https:\/\/labudinstrukcije.hr\/wp-content\/uploads\/2022\/07\/Nepotpune-kvadratne-jednadzbe.png\" alt=\"\" class=\"wp-image-399\" width=\"780\" height=\"585\"\/><\/figure>\n\n\n\n<figure class=\"wp-block-image size-full\"><img loading=\"lazy\" decoding=\"async\" width=\"888\" height=\"799\" src=\"https:\/\/labudinstrukcije.hr\/wp-content\/uploads\/2022\/07\/nepravilan-lik.png\" alt=\"\" class=\"wp-image-402\"\/><\/figure>\n\n\n\n<figure class=\"wp-block-image size-full\"><img loading=\"lazy\" decoding=\"async\" width=\"1518\" height=\"871\" src=\"https:\/\/labudinstrukcije.hr\/wp-content\/uploads\/2022\/07\/probna-matura-30.2.png\" alt=\"\" class=\"wp-image-401\"\/><\/figure>\n\n\n\n<figure class=\"wp-block-image size-full\"><img loading=\"lazy\" decoding=\"async\" width=\"1835\" height=\"953\" src=\"https:\/\/labudinstrukcije.hr\/wp-content\/uploads\/2022\/07\/Ogledna-matura-2022-zadatak-12.png\" alt=\"\" class=\"wp-image-397\"\/><\/figure>\n","protected":false},"excerpt":{"rendered":"<p>Engleski jezik Isje\u010dak s te\u010daja engleskog jezika s u\u010denikom 7. razreda osnovne \u0161kole. Matematika Videozapis u kojem je prikazan postupak rje\u0161avanja zadataka s osnovne razine dr\u017eavne mature. Primjeri sa sata:<\/p>\n","protected":false},"author":1,"featured_media":0,"parent":0,"menu_order":0,"comment_status":"closed","ping_status":"closed","template":"","meta":{"om_disable_all_campaigns":false,"_monsterinsights_skip_tracking":false,"_monsterinsights_sitenote_active":false,"_monsterinsights_sitenote_note":"","_monsterinsights_sitenote_category":0,"cybocfi_hide_featured_image":"","footnotes":""},"aioseo_notices":[],"_links":{"self":[{"href":"https:\/\/labudinstrukcije.hr\/index.php\/wp-json\/wp\/v2\/pages\/391"}],"collection":[{"href":"https:\/\/labudinstrukcije.hr\/index.php\/wp-json\/wp\/v2\/pages"}],"about":[{"href":"https:\/\/labudinstrukcije.hr\/index.php\/wp-json\/wp\/v2\/types\/page"}],"author":[{"embeddable":true,"href":"https:\/\/labudinstrukcije.hr\/index.php\/wp-json\/wp\/v2\/users\/1"}],"replies":[{"embeddable":true,"href":"https:\/\/labudinstrukcije.hr\/index.php\/wp-json\/wp\/v2\/comments?post=391"}],"version-history":[{"count":5,"href":"https:\/\/labudinstrukcije.hr\/index.php\/wp-json\/wp\/v2\/pages\/391\/revisions"}],"predecessor-version":[{"id":625,"href":"https:\/\/labudinstrukcije.hr\/index.php\/wp-json\/wp\/v2\/pages\/391\/revisions\/625"}],"wp:attachment":[{"href":"https:\/\/labudinstrukcije.hr\/index.php\/wp-json\/wp\/v2\/media?parent=391"}],"curies":[{"name":"wp","href":"https:\/\/api.w.org\/{rel}","templated":true}]}}