{"id":417,"date":"2022-07-12T00:09:35","date_gmt":"2022-07-11T22:09:35","guid":{"rendered":"http:\/\/labudinstrukcije.hr\/?page_id=417"},"modified":"2023-07-12T13:32:40","modified_gmt":"2023-07-12T11:32:40","slug":"dojmovi-polaznika","status":"publish","type":"page","link":"https:\/\/labudinstrukcije.hr\/index.php\/dojmovi-polaznika\/","title":{"rendered":"Dojmovi"},"content":{"rendered":"\n<figure class=\"wp-block-pullquote\"><blockquote><p>Sad sam imao sastanak na engleskom, mogu ti re\u0107i da su mi puno pomogle instrukcije s tobom. Nisam imao \u010dak ni tremu, pri\u010dao sam lagodno haha<\/p><p>Tak da, hvala!<\/p><cite>Anonimno, Osijek<\/cite><\/blockquote><\/figure>\n\n\n\n<figure class=\"wp-block-pullquote\"><blockquote><p>Pro\u0161ao sam!!!! \ud83d\ude01\ud83d\ude01\ud83d\ude01\ud83d\ude01\ud83d\ude01\ud83d\ude01\ud83d\ude01\ud83d\ude01 Ali moram te pohvaliti, zbilja. Pristup, na\u010din obja\u0161njavanja, ubudu\u0107e ako me tko pita za engleski instrukcije, ima\u0161 preporuku \ud83d\ude42<\/p><cite>Zvonimir, Zagreb<\/cite><\/blockquote><\/figure>\n\n\n\n<figure class=\"wp-block-pullquote\"><blockquote><p>Razgovor je pro\u0161ao super, pohvalili su mi engleski, ba\u0161 sam se bila\u00a0opustila\u00a0\ud83d\ude01\ud83d\ude02<\/p><p>&#8230;<\/p><p>Dobila sam posao! Jo\u0161 sam u \u0161oku!\u00a0\ud83d\ude02<\/p><cite>Anja, Vukovar<\/cite><\/blockquote><\/figure>\n\n\n\n<figure class=\"wp-block-pullquote\"><blockquote><p>Imam jednu odli\u010dnu vijest i dokaz da se na\u0161 rad isplatio&nbsp;\ud83d\ude01&nbsp;Ju\u010der smo pisali slu\u0161anje s mature iz engleskog i nevjerovatna stvar se dogodila&nbsp;\ud83d\ude2e&nbsp;Lorena je dobila 4 iz slu\u0161anja, 16\/20 \ud83d\ude01<\/p><cite>Lorena, slatina<\/cite><\/blockquote><\/figure>\n\n\n\n<figure class=\"wp-block-pullquote\"><blockquote><p>Hvala Vam puno na svemuuuu, bilo mi je prezanimljivo slu\u0161ati Vas, I&#8217;m over the moon \ud83e\udd29<\/p><cite>Mirta, Na\u0161ice<\/cite><\/blockquote><\/figure>\n\n\n\n<figure class=\"wp-block-pullquote has-text-align-center\"><blockquote><p>Uvijek sam muku mu\u010dila s tim engleskim dok nisam krenula na ove instrukcije i vidjela da nije toliko stra\u0161no. Prezadovoljna sam rezultatima mature i vidim da su mi instrukcije puno pomogle. Prijatelji su ponosni jer mi vi\u0161e ne moraju prevoditi poslane citate na Instagramu \ud83d\ude05 Definitivno nisam pogrije\u0161ila kad sam se odlu\u010dila za instrukcije kod Vas.<\/p><cite>Valentina, \u0110akovo<\/cite><\/blockquote><\/figure>\n\n\n\n<figure class=\"wp-block-pullquote\"><blockquote><p>Kao osoba koja je sve \u010detiri godine u gimnaziji iz matematike imala 2 i koja ne voli i ne razumije istu, kako je stigla zadnja godina, a s njom i matura, odlu\u010dila sam potra\u017eiti instrukcije i prona\u0161la najbolje! Radom, trudom, uz smijeh i dobru atmosferu, od 10. do 6. mjeseca vrijedno smo radili na mom znanju matematike. Profesor Andrej nau\u010dio me da razmi\u0161ljanjem rje\u0161avam zadatke, a ne bubanjem kao \u0161to sam to prije radila. Nakon svega toga mogu se pohvaliti da sam na maturi iz B razine (koja je ove godine bila pro\u0161irena uz dodavanje novog gradiva) rje\u0161ila sve zadatke osim jednog. Tako da budu\u0107i maturanti i maturantice, topla preporuka da odaberete Labud Instrukcije, mo\u017eda na kraju ipak i zavolite matematiku! \ud83d\ude09 \ud83d\ude18<\/p><cite>IDA, Krapina<\/cite><\/blockquote><\/figure>\n\n\n\n<figure class=\"wp-block-pullquote\"><blockquote><p>U dva tjedna, mi smo \u010duda napravili. Ja koja sam mrzila matematiku i stvarno sam mislila da je to glupost i da mi to nikada ne\u0107e trebati \u2013 ja sam ju zavoljela i \u017eelim nastaviti raditi.<\/p><p><\/p><cite>Karmen, Osijek<\/cite><\/blockquote><\/figure>\n\n\n\n<figure class=\"wp-block-video\"><video controls src=\"https:\/\/labudinstrukcije.hr\/wp-content\/uploads\/2022\/07\/Karmen-video.mp4\"><\/video><figcaption>Karmen govori o svojem iskustvu priprema za osnovnu razinu dr\u017eavne mature iz matematike<\/figcaption><\/figure>\n\n\n\n<p><\/p>\n","protected":false},"excerpt":{"rendered":"<p>Sad sam imao sastanak na engleskom, mogu ti re\u0107i da su mi puno pomogle instrukcije s tobom. Nisam imao \u010dak ni tremu, pri\u010dao sam lagodno haha Tak da, hvala! Anonimno, Osijek Pro\u0161ao sam!!!! \ud83d\ude01\ud83d\ude01\ud83d\ude01\ud83d\ude01\ud83d\ude01\ud83d\ude01\ud83d\ude01\ud83d\ude01 Ali moram te pohvaliti, zbilja. Pristup, na\u010din obja\u0161njavanja, ubudu\u0107e ako me tko pita za engleski instrukcije, ima\u0161 preporuku \ud83d\ude42 Zvonimir, Zagreb<a class=\"more-link\" href=\"https:\/\/labudinstrukcije.hr\/index.php\/dojmovi-polaznika\/\">Continue reading <span class=\"screen-reader-text\">&#8220;Dojmovi&#8221;<\/span><\/a><\/p>\n","protected":false},"author":1,"featured_media":0,"parent":0,"menu_order":0,"comment_status":"closed","ping_status":"closed","template":"","meta":{"om_disable_all_campaigns":false,"_monsterinsights_skip_tracking":false,"_monsterinsights_sitenote_active":false,"_monsterinsights_sitenote_note":"","_monsterinsights_sitenote_category":0,"cybocfi_hide_featured_image":"","footnotes":""},"aioseo_notices":[],"_links":{"self":[{"href":"https:\/\/labudinstrukcije.hr\/index.php\/wp-json\/wp\/v2\/pages\/417"}],"collection":[{"href":"https:\/\/labudinstrukcije.hr\/index.php\/wp-json\/wp\/v2\/pages"}],"about":[{"href":"https:\/\/labudinstrukcije.hr\/index.php\/wp-json\/wp\/v2\/types\/page"}],"author":[{"embeddable":true,"href":"https:\/\/labudinstrukcije.hr\/index.php\/wp-json\/wp\/v2\/users\/1"}],"replies":[{"embeddable":true,"href":"https:\/\/labudinstrukcije.hr\/index.php\/wp-json\/wp\/v2\/comments?post=417"}],"version-history":[{"count":16,"href":"https:\/\/labudinstrukcije.hr\/index.php\/wp-json\/wp\/v2\/pages\/417\/revisions"}],"predecessor-version":[{"id":645,"href":"https:\/\/labudinstrukcije.hr\/index.php\/wp-json\/wp\/v2\/pages\/417\/revisions\/645"}],"wp:attachment":[{"href":"https:\/\/labudinstrukcije.hr\/index.php\/wp-json\/wp\/v2\/media?parent=417"}],"curies":[{"name":"wp","href":"https:\/\/api.w.org\/{rel}","templated":true}]}}