{"id":97,"date":"2022-02-22T16:06:14","date_gmt":"2022-02-22T15:06:14","guid":{"rendered":"http:\/\/labudinstrukcije.hr\/?page_id=97"},"modified":"2026-01-14T14:19:55","modified_gmt":"2026-01-14T13:19:55","slug":"usluge","status":"publish","type":"page","link":"https:\/\/labudinstrukcije.hr\/index.php\/usluge\/","title":{"rendered":"Usluge"},"content":{"rendered":"\n<div style=\"height:100px\" aria-hidden=\"true\" class=\"wp-block-spacer\"><\/div>\n\n\n\n<div class=\"wp-block-columns alignwide are-vertically-aligned-top is-layout-flex wp-container-core-columns-layout-1 wp-block-columns-is-layout-flex\">\n<div class=\"wp-block-column is-vertically-aligned-top is-layout-flow wp-block-column-is-layout-flow\">\n<p><strong>Prevo\u0111enje<\/strong><\/p>\n\n\n\n<ul class=\"text-align-justify\">\n<li>Cijena po dogovoru \u2013 ovisi o koli\u010dini i sadr\u017eaju teksta.<\/li>\n\n\n\n<li>Prevo\u0111enje s hrvatskog na engleski i obrnuto. <\/li>\n\n\n\n<li>Prevo\u0111enje raznih vrsta dokumenata \u2013 od priru\u010dnika za rad do sa\u017eetaka akademskih radova.<\/li>\n\n\n\n<li>Prevo\u0111enje za IT sektor \u2013 iskustvo <strong>suradnje s najeminentnijim svjetskim tvrtkama<\/strong>: Tesla, Huawei, Xiaomi, TikTok, Sony, Webex by Cisco, SEAT, Mazda, Toyota, BYD itd.<\/li>\n<\/ul>\n<\/div>\n\n\n\n<div class=\"wp-block-column is-vertically-aligned-top is-layout-flow wp-block-column-is-layout-flow\">\n<figure class=\"wp-block-image size-full is-resized\"><img loading=\"lazy\" decoding=\"async\" width=\"871\" height=\"606\" src=\"https:\/\/labudinstrukcije.hr\/wp-content\/uploads\/2022\/07\/prijevod-verzija-2.png\" alt=\"\" class=\"wp-image-475\" style=\"width:494px;height:343px\"\/><\/figure>\n\n\n\n<p class=\"has-text-align-center\" style=\"font-size:18px\"><em>Ilustracija preuzeta iz prijevoda uputa za ugradnju kamina<\/em><\/p>\n<\/div>\n<\/div>\n\n\n\n<div style=\"height:100px\" aria-hidden=\"true\" class=\"wp-block-spacer\"><\/div>\n\n\n\n<div class=\"wp-block-columns alignwide is-layout-flex wp-container-core-columns-layout-2 wp-block-columns-is-layout-flex\">\n<div class=\"wp-block-column is-layout-flow wp-block-column-is-layout-flow\">\n<p class=\"has-text-align-left has-normal-font-size\"><strong>Individualni te\u010daj<\/strong><strong> op\u0107eg engleskog<\/strong><\/p>\n\n\n\n<ul class=\"text-align-justify\">\n<li>25,00 \u20ac \/ \u0161kolski sat.<\/li>\n\n\n\n<li>Individualni pristup osigurava odgovaraju\u0107i tempo rada i maksimalnu prilagodbu svakom polazniku.  Polaznik se mo\u017ee odlu\u010diti za <strong>te\u010daj<\/strong> (sistematski, redovni rad pomo\u0107u suvremenih ud\u017ebenika i radnih bilje\u017enica) ili za <strong>instrukcije iz specifi\u010dnog gradiva<\/strong> (priprema za test, priprema za zadatke s dr\u017eavne mature i dr.).<\/li>\n<\/ul>\n<\/div>\n\n\n\n<div class=\"wp-block-column is-layout-flow wp-block-column-is-layout-flow\"><div class=\"wp-block-image\">\n<figure class=\"aligncenter size-large\"><img loading=\"lazy\" decoding=\"async\" width=\"1024\" height=\"543\" src=\"https:\/\/labudinstrukcije.hr\/wp-content\/uploads\/2022\/02\/Third-Conditional-1024x543.png\" alt=\"\" class=\"wp-image-145\" srcset=\"https:\/\/labudinstrukcije.hr\/wp-content\/uploads\/2022\/02\/Third-Conditional-1024x543.png 1024w, https:\/\/labudinstrukcije.hr\/wp-content\/uploads\/2022\/02\/Third-Conditional-300x159.png 300w, https:\/\/labudinstrukcije.hr\/wp-content\/uploads\/2022\/02\/Third-Conditional-768x407.png 768w, https:\/\/labudinstrukcije.hr\/wp-content\/uploads\/2022\/02\/Third-Conditional-1536x815.png 1536w, https:\/\/labudinstrukcije.hr\/wp-content\/uploads\/2022\/02\/Third-Conditional-1568x832.png 1568w, https:\/\/labudinstrukcije.hr\/wp-content\/uploads\/2022\/02\/Third-Conditional.png 1695w\" sizes=\"(max-width: 1024px) 100vw, 1024px\" \/><\/figure><\/div>\n\n\n<p class=\"has-text-align-center\" style=\"font-size:18px\"><em>Pri radu koristimo grafi\u010dku plo\u010du, online komunikacijske platforme te najsuvremenije ud\u017ebenike i radne bilje\u017enice. <\/em><\/p>\n<\/div>\n<\/div>\n\n\n\n<div style=\"height:100px\" aria-hidden=\"true\" class=\"wp-block-spacer\"><\/div>\n\n\n\n<div class=\"wp-block-columns alignwide is-layout-flex wp-container-core-columns-layout-3 wp-block-columns-is-layout-flex\">\n<div class=\"wp-block-column is-layout-flow wp-block-column-is-layout-flow\">\n<p class=\"has-text-align-left has-normal-font-size\"><strong>Individualni te\u010daj<\/strong> <strong>konverzacijskog engleskog<\/strong><\/p>\n\n\n\n<ul class=\"text-align-justify\">\n<li>28,00 \u20ac \/ \u0161kolski sat.<\/li>\n\n\n\n<li>Polaznik razgovara s instruktorom o raznim \u017eivotnim temama. Instruktor pa\u017eljivo slu\u0161a polaznika, uo\u010dava te ispravlja gre\u0161ke iz gramatike i vokabulara. Instruktor obja\u0161njava porijeklo gramati\u010dkih gre\u0161aka i osvje\u0161\u0107uje polaznika. Te\u010daj konverzacijskog engleskog namijenjen je polaznicima koji mogu komunicirati na engleskom, ali \u017eele poraditi na samopouzdanju, preciznosti i fluentnosti.<\/li>\n<\/ul>\n<\/div>\n\n\n\n<div class=\"wp-block-column is-layout-flow wp-block-column-is-layout-flow\"><div class=\"wp-block-image\">\n<figure class=\"aligncenter size-full\"><img loading=\"lazy\" decoding=\"async\" width=\"753\" height=\"435\" src=\"https:\/\/labudinstrukcije.hr\/wp-content\/uploads\/2022\/02\/Passive-example.png\" alt=\"\" class=\"wp-image-100\" srcset=\"https:\/\/labudinstrukcije.hr\/wp-content\/uploads\/2022\/02\/Passive-example.png 753w, https:\/\/labudinstrukcije.hr\/wp-content\/uploads\/2022\/02\/Passive-example-300x173.png 300w\" sizes=\"(max-width: 753px) 100vw, 753px\" \/><\/figure><\/div>\n\n\n<p class=\"has-text-align-center\" style=\"font-size:18px\"><em>Ako polaznik tijekom govora mije\u0161a pasivne i aktivne jezi\u010dne strukture, profesor preko grafi\u010dke plo\u010de obja\u0161njava gramati\u010dku pozadinu, nakon \u010dega pazi da polaznik pravilno upotrebljava te strukture u daljnjem govoru.<\/em><\/p>\n<\/div>\n<\/div>\n\n\n\n<div class=\"wp-block-columns alignwide is-layout-flex wp-container-core-columns-layout-4 wp-block-columns-is-layout-flex\"><\/div>\n\n\n\n<div style=\"height:100px\" aria-hidden=\"true\" class=\"wp-block-spacer\"><\/div>\n\n\n\n<div class=\"wp-block-columns alignwide is-layout-flex wp-container-core-columns-layout-5 wp-block-columns-is-layout-flex\">\n<div class=\"wp-block-column is-layout-flow wp-block-column-is-layout-flow\">\n<p class=\"has-text-align-left has-normal-font-size\"><strong>Individualne instrukcije iz matematike\/fizike\/kemije\/povijesti<\/strong><\/p>\n\n\n\n<ul class=\"text-align-justify\">\n<li>25,00 \u20ac \/ \u0161kolski sat.<\/li>\n\n\n\n<li>Priprema za ispit ili dr\u017eavnu maturu. Grafi\u010dka plo\u010da osigurava jasno\u0107u i vizualizaciju rje\u0161avanja zadataka. Mogu\u0107nosti koje pru\u017ea grafi\u010dka plo\u010da su tolike da je danas instrukcije jednostavnije dr\u017eati online nego u\u017eivo.<\/li>\n<\/ul>\n<\/div>\n\n\n\n<div class=\"wp-block-column is-layout-flow wp-block-column-is-layout-flow\"><div class=\"wp-block-image\">\n<figure class=\"aligncenter size-large\"><img loading=\"lazy\" decoding=\"async\" width=\"1024\" height=\"499\" src=\"https:\/\/labudinstrukcije.hr\/wp-content\/uploads\/2022\/02\/karmen-instrukcije-1024x499.png\" alt=\"\" class=\"wp-image-101\" srcset=\"https:\/\/labudinstrukcije.hr\/wp-content\/uploads\/2022\/02\/karmen-instrukcije-1024x499.png 1024w, https:\/\/labudinstrukcije.hr\/wp-content\/uploads\/2022\/02\/karmen-instrukcije-300x146.png 300w, https:\/\/labudinstrukcije.hr\/wp-content\/uploads\/2022\/02\/karmen-instrukcije-768x374.png 768w, https:\/\/labudinstrukcije.hr\/wp-content\/uploads\/2022\/02\/karmen-instrukcije-1536x748.png 1536w, https:\/\/labudinstrukcije.hr\/wp-content\/uploads\/2022\/02\/karmen-instrukcije-1568x763.png 1568w, https:\/\/labudinstrukcije.hr\/wp-content\/uploads\/2022\/02\/karmen-instrukcije.png 1797w\" sizes=\"(max-width: 1024px) 100vw, 1024px\" \/><\/figure><\/div>\n\n\n<p class=\"has-text-align-center\" style=\"font-size:18px\"><em> Na\u0161a polaznica Karmen do\u0161la je s iznimno slabom podlogom iz matematike, ali nakon samo 26 \u0161kolskih sati instrukcija uspje\u0161no je polo\u017eila dr\u017eavnu maturu i upisala \u017eeljeni fakultet.<\/em><\/p>\n<\/div>\n<\/div>\n\n\n\n<p><\/p>\n","protected":false},"excerpt":{"rendered":"<p>Prevo\u0111enje Ilustracija preuzeta iz prijevoda uputa za ugradnju kamina Individualni te\u010daj op\u0107eg engleskog Pri radu koristimo grafi\u010dku plo\u010du, online komunikacijske platforme te najsuvremenije ud\u017ebenike i radne bilje\u017enice. Individualni te\u010daj konverzacijskog engleskog Ako polaznik tijekom govora mije\u0161a pasivne i aktivne jezi\u010dne strukture, profesor preko grafi\u010dke plo\u010de obja\u0161njava gramati\u010dku pozadinu, nakon \u010dega pazi da polaznik pravilno upotrebljava<a class=\"more-link\" href=\"https:\/\/labudinstrukcije.hr\/index.php\/usluge\/\">Continue reading <span class=\"screen-reader-text\">&#8220;Usluge&#8221;<\/span><\/a><\/p>\n","protected":false},"author":1,"featured_media":0,"parent":0,"menu_order":0,"comment_status":"closed","ping_status":"closed","template":"","meta":{"om_disable_all_campaigns":false,"_monsterinsights_skip_tracking":false,"_monsterinsights_sitenote_active":false,"_monsterinsights_sitenote_note":"","_monsterinsights_sitenote_category":0,"cybocfi_hide_featured_image":"","footnotes":""},"aioseo_notices":[],"_links":{"self":[{"href":"https:\/\/labudinstrukcije.hr\/index.php\/wp-json\/wp\/v2\/pages\/97"}],"collection":[{"href":"https:\/\/labudinstrukcije.hr\/index.php\/wp-json\/wp\/v2\/pages"}],"about":[{"href":"https:\/\/labudinstrukcije.hr\/index.php\/wp-json\/wp\/v2\/types\/page"}],"author":[{"embeddable":true,"href":"https:\/\/labudinstrukcije.hr\/index.php\/wp-json\/wp\/v2\/users\/1"}],"replies":[{"embeddable":true,"href":"https:\/\/labudinstrukcije.hr\/index.php\/wp-json\/wp\/v2\/comments?post=97"}],"version-history":[{"count":43,"href":"https:\/\/labudinstrukcije.hr\/index.php\/wp-json\/wp\/v2\/pages\/97\/revisions"}],"predecessor-version":[{"id":672,"href":"https:\/\/labudinstrukcije.hr\/index.php\/wp-json\/wp\/v2\/pages\/97\/revisions\/672"}],"wp:attachment":[{"href":"https:\/\/labudinstrukcije.hr\/index.php\/wp-json\/wp\/v2\/media?parent=97"}],"curies":[{"name":"wp","href":"https:\/\/api.w.org\/{rel}","templated":true}]}}